{"id":668,"date":"2025-07-03T12:17:53","date_gmt":"2025-07-03T12:17:53","guid":{"rendered":"https:\/\/ha43.it\/?page_id=668"},"modified":"2025-07-14T21:03:10","modified_gmt":"2025-07-14T19:03:10","slug":"chi-siamo","status":"publish","type":"page","link":"https:\/\/ha43.it\/?page_id=668","title":{"rendered":"Chi Siamo"},"content":{"rendered":"<section class=\"l-section wpb_row us_custom_1e36106d us_animate_this height_medium\"><div class=\"l-section-h i-cf\"><div class=\"g-cols vc_row via_grid cols_2 laptops-cols_inherit tablets-cols_inherit mobiles-cols_1 valign_top type_default stacking_default\"><div class=\"wpb_column vc_column_container\"><div class=\"vc_column-inner\"><h2 class=\"w-text\"><span class=\"w-text-h\"><span class=\"w-text-value\">Chi Siamo<\/span><\/span><\/h2><div class=\"wpb_text_column\"><div class=\"wpb_wrapper\"><p>Abbiamo iniziato dalla tecnologia pi\u00f9 avanzata, con la missione visionaria di <strong data-start=\"512\" data-end=\"525\">Fusion.43<\/strong>, un progetto digitale che ha portato la blockchain, la certificazione AI e il concetto di propriet\u00e0 intangibile a livelli mai visti prima. Anni passati a lavorare tra algoritmi, intelligenze artificiali e notarizzazioni digitali ci hanno mostrato il potere e il limite della tecnologia: velocit\u00e0 estrema, ma spesso senza radici reali.<\/p>\n<\/div><\/div><\/div><\/div><div class=\"wpb_column vc_column_container\"><div class=\"vc_column-inner\"><div class=\"w-video align_none ratio_16x9 has_iframe\"><div class=\"w-video-h\"><iframe title=\"Youtube video player\" src=\"\/\/www.youtube.com\/embed\/ExiTWUphed0?autoplay=0&controls=0&origin=https:\/\/ha43.it&loop=0&mute=0\" allowfullscreen=\"1\" loading=\"lazy\"><\/iframe><\/div><\/div><\/div><\/div><\/div><\/div><\/section><section class=\"l-section wpb_row us_custom_6c21c073 us_animate_this height_medium\"><div class=\"l-section-h i-cf\"><div class=\"g-cols vc_row via_grid cols_2 laptops-cols_inherit tablets-cols_inherit mobiles-cols_1 valign_top type_default reversed stacking_default\"><div class=\"wpb_column vc_column_container\"><div class=\"vc_column-inner\"><div class=\"w-video align_none ratio_16x9 has_iframe\"><div class=\"w-video-h\"><iframe title=\"Youtube video player\" src=\"\/\/www.youtube.com\/embed\/l8Jn8-uLBQE?autoplay=0&controls=0&origin=https:\/\/ha43.it&loop=0&mute=0\" allowfullscreen=\"1\" loading=\"lazy\"><\/iframe><\/div><\/div><\/div><\/div><div class=\"wpb_column vc_column_container\"><div class=\"vc_column-inner\"><h2 class=\"w-text\"><span class=\"w-text-h\"><span class=\"w-text-value\">Dalla Tecnologia all\u2019Agricoltura:<\/span><\/span><\/h2><h3 class=\"w-text\"><span class=\"w-text-h\"><span class=\"w-text-value\">la scelta dell\u2019Agro Romano<\/span><\/span><\/h3><div class=\"wpb_text_column\"><div class=\"wpb_wrapper\"><p>E cos\u00ec, proprio nel cuore dell\u2019<strong data-start=\"1018\" data-end=\"1033\">Agro Romano<\/strong>, in una Roma Capitale che custodisce ancora frammenti di terra autentica, \u00e8 nata la nostra vera rivoluzione: <strong data-start=\"1143\" data-end=\"1156\">Ettaro.43<\/strong>, un ettaro e 43 are di agricoltura concreta e tangibile, dove la tecnologia fa un passo indietro, e la natura torna protagonista assoluta. Non schermi, ma mani nella terra. Non solo dati, ma semi piantati, curati e raccolti con pazienza, dedizione e rispetto per il tempo naturale.<\/p>\n<\/div><\/div><\/div><\/div><\/div><\/div><\/section><section class=\"l-section wpb_row us_custom_1e36106d us_animate_this height_medium\"><div class=\"l-section-h i-cf\"><div class=\"g-cols vc_row via_grid cols_2 laptops-cols_inherit tablets-cols_inherit mobiles-cols_1 valign_top type_default stacking_default\"><div class=\"wpb_column vc_column_container\"><div class=\"vc_column-inner\"><h2 class=\"w-text\"><span class=\"w-text-h\"><span class=\"w-text-value\">Il Pixelaggio Agricolo: Il Paradosso che Unisce<\/span><\/span><\/h2><div class=\"wpb_text_column\"><div class=\"wpb_wrapper\"><p>Abbiamo scelto volutamente un termine paradossale, moderno, digitale: il <strong data-start=\"1625\" data-end=\"1634\">Pixel<\/strong>. Abbiamo &#8220;pixelato&#8221; il nostro ettaro agricolo per renderlo accessibile a chiunque voglia tornare ad avere un rapporto diretto con la terra, lontano dai supermercati e vicino alle proprie radici. Ogni Pixel venduto rappresenta un pezzo reale di terra, un raccolto concreto e una scelta consapevole: quella di investire in agricoltura per nutrirsi davvero, di smettere di arricchire catene distributive lontane, per arricchire invece la propria tavola e la propria anima.<\/p>\n<\/div><\/div><\/div><\/div><div class=\"wpb_column vc_column_container\"><div class=\"vc_column-inner\"><div class=\"w-image align_center\"><div class=\"w-image-h\"><img loading=\"lazy\" decoding=\"async\" width=\"512\" height=\"512\" src=\"https:\/\/ha43.it\/wp-content\/uploads\/2025\/06\/cropped-Drone_Ettaro43x16_Prodotti.png\" class=\"g-placeholder\" alt=\"\" srcset=\"https:\/\/ha43.it\/wp-content\/uploads\/2025\/06\/cropped-Drone_Ettaro43x16_Prodotti.png 512w, https:\/\/ha43.it\/wp-content\/uploads\/2025\/06\/cropped-Drone_Ettaro43x16_Prodotti-300x300.png 300w, https:\/\/ha43.it\/wp-content\/uploads\/2025\/06\/cropped-Drone_Ettaro43x16_Prodotti-150x150.png 150w, https:\/\/ha43.it\/wp-content\/uploads\/2025\/06\/cropped-Drone_Ettaro43x16_Prodotti-270x270.png 270w, https:\/\/ha43.it\/wp-content\/uploads\/2025\/06\/cropped-Drone_Ettaro43x16_Prodotti-192x192.png 192w, https:\/\/ha43.it\/wp-content\/uploads\/2025\/06\/cropped-Drone_Ettaro43x16_Prodotti-180x180.png 180w, https:\/\/ha43.it\/wp-content\/uploads\/2025\/06\/cropped-Drone_Ettaro43x16_Prodotti-32x32.png 32w\" sizes=\"auto, (max-width: 512px) 100vw, 512px\" \/><\/div><\/div><\/div><\/div><\/div><\/div><\/section><section class=\"l-section wpb_row us_custom_6c21c073 us_animate_this height_medium\"><div class=\"l-section-h i-cf\"><div class=\"g-cols vc_row via_grid cols_2 laptops-cols_inherit tablets-cols_inherit mobiles-cols_1 valign_top type_default reversed stacking_default\"><div class=\"wpb_column vc_column_container\"><div class=\"vc_column-inner\"><div class=\"w-video align_none ratio_16x9 has_iframe\"><div class=\"w-video-h\"><iframe title=\"Youtube video player\" src=\"\/\/www.youtube.com\/embed\/Y2FC_5tZzYQ?autoplay=0&controls=0&origin=https:\/\/ha43.it&loop=0&mute=0\" allowfullscreen=\"1\" loading=\"lazy\"><\/iframe><\/div><\/div><\/div><\/div><div class=\"wpb_column vc_column_container\"><div class=\"vc_column-inner\"><h2 class=\"w-text\"><span class=\"w-text-h\"><span class=\"w-text-value\">Verso un\u2019Agricoltura 5.0 Senza Tecnologia<\/span><\/span><\/h2><div class=\"wpb_text_column\"><div class=\"wpb_wrapper\"><p>Non ci fermeremo qui. Ettaro.43 oggi \u00e8 un progetto agricolo 4.0, dove tecnologia e natura trovano equilibrio. Ma la nostra visione futura \u00e8 ancora pi\u00f9 radicale: puntiamo verso un <strong data-start=\"2391\" data-end=\"2410\">Agricoltura 5.0<\/strong> in cui la tecnologia digitale verr\u00e0 sempre meno, sostituita da conoscenze antiche, manualit\u00e0 ritrovata e comunit\u00e0 agricola reale. Sogniamo un ritorno alla terra cos\u00ec profondo e autentico da diventare il vero progresso.<\/p>\n<\/div><\/div><\/div><\/div><\/div><\/div><\/section><section class=\"l-section wpb_row us_custom_1e36106d us_animate_this height_medium\"><div class=\"l-section-h i-cf\"><div class=\"g-cols vc_row via_grid cols_2 laptops-cols_inherit tablets-cols_inherit mobiles-cols_1 valign_top type_default stacking_default\"><div class=\"wpb_column vc_column_container\"><div class=\"vc_column-inner\"><h2 class=\"w-text\"><span class=\"w-text-h\"><span class=\"w-text-value\">Scegli il tuo Pixel: Cambia la tua relazione con il cibo<\/span><\/span><\/h2><div class=\"wpb_text_column\"><div class=\"wpb_wrapper\"><p data-start=\"2806\" data-end=\"3144\">Scegliendo un Pixel Ettaro.43 non compri solo un pezzo di terra, ma una storia, un impegno, un ritorno alle radici. Non diventi cliente, ma co-agricoltore simbolico e reale. Non vai pi\u00f9 al supermercato per arricchire altri, ma vieni da noi per arricchire te stesso. \u00c8 tempo di cambiare pixel, di abbandonare lo schermo e tornare al campo.<\/p>\n<p data-start=\"3149\" data-end=\"3253\"><strong data-start=\"3149\" data-end=\"3253\">Ettaro.43, l&#8217;agricoltura torna ad essere ci\u00f2 che \u00e8 sempre stata: essenziale, primordiale, autentica.<\/strong><\/p>\n<\/div><\/div><\/div><\/div><div class=\"wpb_column vc_column_container\"><div class=\"vc_column-inner\"><div class=\"w-image align_center\"><div class=\"w-image-h\"><img decoding=\"async\" width=\"1338\" height=\"1322\" src=\"https:\/\/ha43.it\/wp-content\/uploads\/2025\/07\/Drone_Ettaro43x44_Settori-1.png\" class=\"attachment-full size-full\" alt=\"\" loading=\"lazy\" srcset=\"https:\/\/ha43.it\/wp-content\/uploads\/2025\/07\/Drone_Ettaro43x44_Settori-1.png 1338w, https:\/\/ha43.it\/wp-content\/uploads\/2025\/07\/Drone_Ettaro43x44_Settori-1-300x296.png 300w, https:\/\/ha43.it\/wp-content\/uploads\/2025\/07\/Drone_Ettaro43x44_Settori-1-1024x1012.png 1024w, https:\/\/ha43.it\/wp-content\/uploads\/2025\/07\/Drone_Ettaro43x44_Settori-1-600x593.png 600w\" sizes=\"auto, (max-width: 1338px) 100vw, 1338px\" \/><\/div><\/div><\/div><\/div><\/div><\/div><\/section>\n","protected":false},"excerpt":{"rendered":"","protected":false},"author":1,"featured_media":0,"parent":0,"menu_order":0,"comment_status":"closed","ping_status":"closed","template":"","meta":{"footnotes":""},"class_list":["post-668","page","type-page","status-publish","hentry"],"_links":{"self":[{"href":"https:\/\/ha43.it\/index.php?rest_route=\/wp\/v2\/pages\/668","targetHints":{"allow":["GET"]}}],"collection":[{"href":"https:\/\/ha43.it\/index.php?rest_route=\/wp\/v2\/pages"}],"about":[{"href":"https:\/\/ha43.it\/index.php?rest_route=\/wp\/v2\/types\/page"}],"author":[{"embeddable":true,"href":"https:\/\/ha43.it\/index.php?rest_route=\/wp\/v2\/users\/1"}],"replies":[{"embeddable":true,"href":"https:\/\/ha43.it\/index.php?rest_route=%2Fwp%2Fv2%2Fcomments&post=668"}],"version-history":[{"count":1,"href":"https:\/\/ha43.it\/index.php?rest_route=\/wp\/v2\/pages\/668\/revisions"}],"predecessor-version":[{"id":970,"href":"https:\/\/ha43.it\/index.php?rest_route=\/wp\/v2\/pages\/668\/revisions\/970"}],"wp:attachment":[{"href":"https:\/\/ha43.it\/index.php?rest_route=%2Fwp%2Fv2%2Fmedia&parent=668"}],"curies":[{"name":"wp","href":"https:\/\/api.w.org\/{rel}","templated":true}]}}